{"id":33,"date":"2024-11-04T10:59:44","date_gmt":"2024-11-04T10:59:44","guid":{"rendered":"https:\/\/moona.mediasaari.fi\/?page_id=33"},"modified":"2025-02-03T11:20:54","modified_gmt":"2025-02-03T11:20:54","slug":"bio","status":"publish","type":"page","link":"https:\/\/moona.mediasaari.fi\/index.php\/bio\/","title":{"rendered":"Bio"},"content":{"rendered":"\n<p class=\"has-white-color has-primary-background-color has-text-color has-background has-link-color has-small-font-size wp-elements-7696bf0d333ae732cb57ee75dffd7232\">Moikka! Olen Moona V\u00e4\u00e4r\u00e4l\u00e4 ja opiskelen OSAO:n media-alan ja kuvallisen ilmaisun perustutkintoa. Olen 21-vuotias. Rakastan matkustamista sek\u00e4 k\u00e4yd\u00e4 festareilla ja keikoilla ymp\u00e4ri eurooppaa. Opiskeluiden ohella olen alkanut tykk\u00e4\u00e4m\u00e4\u00e4n valokuvaamisesta viel\u00e4kin enemm\u00e4n.<\/p>\n\n\n\n<figure class=\"wp-block-image is-resized has-custom-border is-style-default wp-duotone-unset-1\"><img decoding=\"async\" src=\"https:\/\/moona.mediasaari.fi\/wp-content\/uploads\/2025\/02\/IMG_5436-576x1024.jpg\" alt=\"\" style=\"border-style:none;border-width:0px;border-radius:0px;width:269px;height:auto\"\/><\/figure>\n","protected":false},"excerpt":{"rendered":"<p>Moikka! Olen Moona V\u00e4\u00e4r\u00e4l\u00e4 ja opiskelen OSAO:n media-alan ja kuvallisen ilmaisun perustutkintoa. Olen 21-vuotias. Rakastan matkustamista sek\u00e4 k\u00e4yd\u00e4 festareilla ja keikoilla ymp\u00e4ri eurooppaa. Opiskeluiden ohella olen alkanut tykk\u00e4\u00e4m\u00e4\u00e4n valokuvaamisesta viel\u00e4kin enemm\u00e4n.<\/p>\n","protected":false},"author":1,"featured_media":0,"parent":0,"menu_order":0,"comment_status":"closed","ping_status":"closed","template":"","meta":{"inspiro_hide_title":false,"footnotes":""},"class_list":["post-33","page","type-page","status-publish","hentry"],"_links":{"self":[{"href":"https:\/\/moona.mediasaari.fi\/index.php\/wp-json\/wp\/v2\/pages\/33"}],"collection":[{"href":"https:\/\/moona.mediasaari.fi\/index.php\/wp-json\/wp\/v2\/pages"}],"about":[{"href":"https:\/\/moona.mediasaari.fi\/index.php\/wp-json\/wp\/v2\/types\/page"}],"author":[{"embeddable":true,"href":"https:\/\/moona.mediasaari.fi\/index.php\/wp-json\/wp\/v2\/users\/1"}],"replies":[{"embeddable":true,"href":"https:\/\/moona.mediasaari.fi\/index.php\/wp-json\/wp\/v2\/comments?post=33"}],"version-history":[{"count":8,"href":"https:\/\/moona.mediasaari.fi\/index.php\/wp-json\/wp\/v2\/pages\/33\/revisions"}],"predecessor-version":[{"id":114,"href":"https:\/\/moona.mediasaari.fi\/index.php\/wp-json\/wp\/v2\/pages\/33\/revisions\/114"}],"wp:attachment":[{"href":"https:\/\/moona.mediasaari.fi\/index.php\/wp-json\/wp\/v2\/media?parent=33"}],"curies":[{"name":"wp","href":"https:\/\/api.w.org\/{rel}","templated":true}]}}